{"id":1186,"date":"2025-12-16T22:40:13","date_gmt":"2025-12-16T21:40:13","guid":{"rendered":"https:\/\/www.auziatechenergie.com\/?page_id=1186"},"modified":"2025-12-16T22:52:58","modified_gmt":"2025-12-16T21:52:58","slug":"notre-vision-mission","status":"publish","type":"page","link":"https:\/\/www.auziatechenergie.com\/index.php\/notre-vision-mission\/","title":{"rendered":"Notre vision &#038; mission"},"content":{"rendered":"\t\t<div data-elementor-type=\"wp-page\" data-elementor-id=\"1186\" class=\"elementor elementor-1186\" data-elementor-post-type=\"page\">\n\t\t\t\t<div class=\"elementor-element elementor-element-d038dce e-con-full e-flex e-con e-parent\" data-id=\"d038dce\" data-element_type=\"container\">\n\t\t\t\t<div class=\"elementor-element elementor-element-625cb9f elementor-widget elementor-widget-flex-slider\" data-id=\"625cb9f\" data-element_type=\"widget\" data-widget_type=\"flex-slider.default\">\n\t\t\t\t<div class=\"elementor-widget-container\">\n\t\t\t\t\t\t\t\t<div class=\"flexslider directionnav- \" data-height=\"893\" data-height_tablet=\"600\" data-height_mobile=\"600\" data-animation_images=\"\" data-autoplay=\"true\" data-slideshowSpeed=\"3000\" data-directionnav=\"\" data-controlnav=\"true\" data-prevtext=\"\" data-nexttext=\"\">\r\n\t\t\t\t<ul class=\"slides\">\r\n\t\t\t\t\t<li class=\"item-slide\">\r\n\t\t\t\t\t\t\t\t\t<div class=\"bgimg \" style=\"background-image:url(https:\/\/www.auziatechenergie.com\/wp-content\/uploads\/2025\/01\/7-facts-about-Black-representation-in-the-boardroom_AboveBoard.webp); background-size: cover; background-position: 50%;\"><\/div>\r\n\t\t\t\t\t\t\t\t\t<div class=\"overlay\" style=\"background:#1B1525CC\"><\/div>\r\n\t\t\t\t\t\t\t\t\t\r\n\t\t\t\t\t\t\t\t\t<div class=\"flex_caption container\">\r\n\t\t                        \t\t\r\n\t\t                        \t\t<h1 class=\"title captionDelay6 fromTop\">Notre vision &amp; notre mission<\/h1>\r\n\t\t                        \t\t<p class=\"desc captionDelay2 fromTop\">Donner aux entreprises locales les moyens de se d\u00e9velopper gr\u00e2ce \u00e0 des solutions digitales simples, fiables et utiles.<\/p>\r\n\t\t                        \t\t<ul class=\"button-group\"> <li class=\" fromTop\">\r\n\t\t\t\t\t\t\t\t\t\t\t<a href=\"\/index.php\/contact\/\" class=\"button-one elementor-repeater-item-64632d1\">Nous contacter <span class=\"btn-icon-right\"><\/span><\/a>\r\n\t\t\t\t\t\t\t\t\t\t<\/li><\/ul>\r\n\t\t\t\t                    <\/div>\t                    \r\n\t\t\t\t                    \r\n\t\t\t\t\t\t\t\t<\/li>\t\t\t\t<\/ul> \r\n\t\t\t<\/div>\r\n\t\t\t\t\t\t\t<\/div>\n\t\t\t\t<\/div>\n\t\t\t\t<\/div>\n\t\t<div class=\"elementor-element elementor-element-cdea065 e-flex e-con-boxed e-con e-parent\" data-id=\"cdea065\" data-element_type=\"container\" data-settings=\"{&quot;background_background&quot;:&quot;classic&quot;}\">\n\t\t\t\t\t<div class=\"e-con-inner\">\n\t\t<div class=\"elementor-element elementor-element-18c2644 e-flex e-con-boxed e-con e-child\" data-id=\"18c2644\" data-element_type=\"container\">\n\t\t\t\t\t<div class=\"e-con-inner\">\n\t\t<div class=\"elementor-element elementor-element-fef35a2 e-con-full e-flex e-con e-child\" data-id=\"fef35a2\" data-element_type=\"container\">\n\t\t<div class=\"elementor-element elementor-element-bce4d5f e-flex e-con-boxed e-con e-child\" data-id=\"bce4d5f\" data-element_type=\"container\">\n\t\t\t\t\t<div class=\"e-con-inner\">\n\t\t\t\t<div class=\"elementor-element elementor-element-a640da8 elementor-widget elementor-widget-image\" data-id=\"a640da8\" data-element_type=\"widget\" data-widget_type=\"image.default\">\n\t\t\t\t<div class=\"elementor-widget-container\">\n\t\t\t\t\t\t\t\t\t\t\t\t\t\t\t<img decoding=\"async\" width=\"5\" height=\"14\" src=\"https:\/\/www.auziatechenergie.com\/wp-content\/uploads\/2025\/01\/icon-2.png\" class=\"attachment-large size-large wp-image-776\" alt=\"\" \/>\t\t\t\t\t\t\t\t\t\t\t\t\t\t\t<\/div>\n\t\t\t\t<\/div>\n\t\t\t\t<div class=\"elementor-element elementor-element-ec81db1 elementor-widget elementor-widget-heading\" data-id=\"ec81db1\" data-element_type=\"widget\" data-widget_type=\"heading.default\">\n\t\t\t\t<div class=\"elementor-widget-container\">\n\t\t\t\t\t<h2 class=\"elementor-heading-title elementor-size-default\">Notre vision<\/h2>\t\t\t\t<\/div>\n\t\t\t\t<\/div>\n\t\t\t\t\t<\/div>\n\t\t\t\t<\/div>\n\t\t\t\t<div class=\"elementor-element elementor-element-133051f elementor-widget elementor-widget-text-editor\" data-id=\"133051f\" data-element_type=\"widget\" data-widget_type=\"text-editor.default\">\n\t\t\t\t<div class=\"elementor-widget-container\">\n\t\t\t\t\t\t\t\t\t<p data-start=\"798\" data-end=\"922\">Nous croyons que le digital doit \u00eatre un <strong data-start=\"839\" data-end=\"875\">levier de performance accessible<\/strong>, et non une contrainte complexe ou co\u00fbteuse.<\/p><p data-start=\"929\" data-end=\"1151\">La vision d\u2019ATECI est de contribuer \u00e0 la <strong data-start=\"970\" data-end=\"1039\">transformation digitale des entreprises ivoiriennes et africaines<\/strong>, en proposant des solutions concr\u00e8tes, adapt\u00e9es aux r\u00e9alit\u00e9s du terrain et r\u00e9ellement utilis\u00e9es au quotidien.<\/p><p data-start=\"1158\" data-end=\"1287\">Nous voulons un digital <strong data-start=\"1182\" data-end=\"1215\">utile, pragmatique et durable<\/strong>, au service des m\u00e9tiers et des femmes et des hommes qui les font vivre.<\/p>\t\t\t\t\t\t\t\t<\/div>\n\t\t\t\t<\/div>\n\t\t\t\t<\/div>\n\t\t\t\t\t<\/div>\n\t\t\t\t<\/div>\n\t\t\t\t\t<\/div>\n\t\t\t\t<\/div>\n\t\t<div class=\"elementor-element elementor-element-ca6055a e-flex e-con-boxed e-con e-parent\" data-id=\"ca6055a\" data-element_type=\"container\" data-settings=\"{&quot;background_background&quot;:&quot;classic&quot;}\">\n\t\t\t\t\t<div class=\"e-con-inner\">\n\t\t<div class=\"elementor-element elementor-element-d54c3f3 e-flex e-con-boxed e-con e-child\" data-id=\"d54c3f3\" data-element_type=\"container\">\n\t\t\t\t\t<div class=\"e-con-inner\">\n\t\t<div class=\"elementor-element elementor-element-b99be25 e-con-full e-flex e-con e-child\" data-id=\"b99be25\" data-element_type=\"container\">\n\t\t<div class=\"elementor-element elementor-element-be24043 e-flex e-con-boxed e-con e-child\" data-id=\"be24043\" data-element_type=\"container\">\n\t\t\t\t\t<div class=\"e-con-inner\">\n\t\t\t\t<div class=\"elementor-element elementor-element-5843f83 elementor-widget elementor-widget-image\" data-id=\"5843f83\" data-element_type=\"widget\" data-widget_type=\"image.default\">\n\t\t\t\t<div class=\"elementor-widget-container\">\n\t\t\t\t\t\t\t\t\t\t\t\t\t\t\t<img decoding=\"async\" width=\"5\" height=\"14\" src=\"https:\/\/www.auziatechenergie.com\/wp-content\/uploads\/2025\/01\/icon-2.png\" class=\"attachment-large size-large wp-image-776\" alt=\"\" \/>\t\t\t\t\t\t\t\t\t\t\t\t\t\t\t<\/div>\n\t\t\t\t<\/div>\n\t\t\t\t<div class=\"elementor-element elementor-element-7d73d29 elementor-widget elementor-widget-heading\" data-id=\"7d73d29\" data-element_type=\"widget\" data-widget_type=\"heading.default\">\n\t\t\t\t<div class=\"elementor-widget-container\">\n\t\t\t\t\t<h2 class=\"elementor-heading-title elementor-size-default\">Notre mission<\/h2>\t\t\t\t<\/div>\n\t\t\t\t<\/div>\n\t\t\t\t\t<\/div>\n\t\t\t\t<\/div>\n\t\t\t\t<div class=\"elementor-element elementor-element-4152471 elementor-widget elementor-widget-text-editor\" data-id=\"4152471\" data-element_type=\"widget\" data-widget_type=\"text-editor.default\">\n\t\t\t\t<div class=\"elementor-widget-container\">\n\t\t\t\t\t\t\t\t\t<p>La mission d\u2019ATECI est d\u2019accompagner les entreprises dans la conception, le d\u00e9veloppement et la mise en place de solutions num\u00e9riques adapt\u00e9es \u00e0 leurs besoins r\u00e9els.<\/p><p data-start=\"1653\" data-end=\"1694\"><strong data-start=\"1653\" data-end=\"1694\">Concr\u00e8tement, nous nous engageons \u00e0 :<\/strong><\/p><ul data-start=\"1695\" data-end=\"1947\"><li data-start=\"1695\" data-end=\"1757\"><p data-start=\"1697\" data-end=\"1757\">D\u00e9velopper des outils m\u00e9tiers sur mesure, simples \u00e0 utiliser<\/p><\/li><li data-start=\"1695\" data-end=\"1757\"><p data-start=\"1697\" data-end=\"1757\">Optimiser les processus internes gr\u00e2ce au digital<\/p><\/li><li data-start=\"1810\" data-end=\"1872\"><p data-start=\"1812\" data-end=\"1872\">Accompagner nos clients de fa\u00e7on proche, humaine et r\u00e9active<\/p><\/li><li data-start=\"1873\" data-end=\"1947\"><p data-start=\"1875\" data-end=\"1947\">Proposer des solutions fiables, \u00e9volutives et adapt\u00e9es au contexte local<\/p><\/li><\/ul>\t\t\t\t\t\t\t\t<\/div>\n\t\t\t\t<\/div>\n\t\t\t\t<\/div>\n\t\t\t\t\t<\/div>\n\t\t\t\t<\/div>\n\t\t\t\t\t<\/div>\n\t\t\t\t<\/div>\n\t\t<div class=\"elementor-element elementor-element-a3e2f77 e-flex e-con-boxed e-con e-parent\" data-id=\"a3e2f77\" data-element_type=\"container\" data-settings=\"{&quot;background_background&quot;:&quot;classic&quot;}\">\n\t\t\t\t\t<div class=\"e-con-inner\">\n\t\t<div class=\"elementor-element elementor-element-47423da e-flex e-con-boxed e-con e-child\" data-id=\"47423da\" data-element_type=\"container\">\n\t\t\t\t\t<div class=\"e-con-inner\">\n\t\t<div class=\"elementor-element elementor-element-5aeecc8 e-con-full e-flex e-con e-child\" data-id=\"5aeecc8\" data-element_type=\"container\">\n\t\t<div class=\"elementor-element elementor-element-c370443 e-flex e-con-boxed e-con e-child\" data-id=\"c370443\" data-element_type=\"container\">\n\t\t\t\t\t<div class=\"e-con-inner\">\n\t\t\t\t<div class=\"elementor-element elementor-element-ab258ca elementor-widget elementor-widget-image\" data-id=\"ab258ca\" data-element_type=\"widget\" data-widget_type=\"image.default\">\n\t\t\t\t<div class=\"elementor-widget-container\">\n\t\t\t\t\t\t\t\t\t\t\t\t\t\t\t<img decoding=\"async\" width=\"5\" height=\"14\" src=\"https:\/\/www.auziatechenergie.com\/wp-content\/uploads\/2025\/01\/icon-2.png\" class=\"attachment-large size-large wp-image-776\" alt=\"\" \/>\t\t\t\t\t\t\t\t\t\t\t\t\t\t\t<\/div>\n\t\t\t\t<\/div>\n\t\t\t\t<div class=\"elementor-element elementor-element-fefa0a8 elementor-widget elementor-widget-heading\" data-id=\"fefa0a8\" data-element_type=\"widget\" data-widget_type=\"heading.default\">\n\t\t\t\t<div class=\"elementor-widget-container\">\n\t\t\t\t\t<h2 class=\"elementor-heading-title elementor-size-default\">Notre approche<\/h2>\t\t\t\t<\/div>\n\t\t\t\t<\/div>\n\t\t\t\t\t<\/div>\n\t\t\t\t<\/div>\n\t\t\t\t<div class=\"elementor-element elementor-element-04cec9a elementor-widget elementor-widget-text-editor\" data-id=\"04cec9a\" data-element_type=\"widget\" data-widget_type=\"text-editor.default\">\n\t\t\t\t<div class=\"elementor-widget-container\">\n\t\t\t\t\t\t\t\t\t<p data-start=\"2049\" data-end=\"2099\">Chez ATECI, chaque projet commence par l\u2019\u00e9coute.<\/p><p data-start=\"2106\" data-end=\"2277\">Nous prenons le temps de comprendre vos enjeux, vos contraintes et vos objectifs afin de concevoir des solutions r\u00e9ellement utiles, et non des outils g\u00e9n\u00e9riques impos\u00e9s.<\/p><p data-start=\"2284\" data-end=\"2376\">Notre approche est bas\u00e9e sur la <strong data-start=\"2316\" data-end=\"2330\">simplicit\u00e9<\/strong>, la <strong data-start=\"2335\" data-end=\"2351\">transparence<\/strong> et la <strong data-start=\"2358\" data-end=\"2375\">collaboration<\/strong>.<\/p>\t\t\t\t\t\t\t\t<\/div>\n\t\t\t\t<\/div>\n\t\t\t\t<\/div>\n\t\t\t\t\t<\/div>\n\t\t\t\t<\/div>\n\t\t\t\t\t<\/div>\n\t\t\t\t<\/div>\n\t\t\t\t<\/div>\n\t\t","protected":false},"excerpt":{"rendered":"<p>Notre vision &amp; notre mission Donner aux entreprises locales les moyens de se d\u00e9velopper gr\u00e2ce \u00e0 des solutions digitales simples, fiables et utiles. Nous contacter Notre vision Nous croyons que le digital doit \u00eatre un levier de performance accessible, et non une contrainte complexe ou co\u00fbteuse. La vision d\u2019ATECI est de contribuer \u00e0 la transformation [&hellip;]<\/p>\n","protected":false},"author":1,"featured_media":0,"parent":0,"menu_order":0,"comment_status":"closed","ping_status":"closed","template":"","meta":{"footnotes":""},"class_list":["post-1186","page","type-page","status-publish","hentry"],"yoast_head":"<!-- This site is optimized with the Yoast SEO plugin v26.6 - https:\/\/yoast.com\/wordpress\/plugins\/seo\/ -->\n<title>Notre vision &amp; mission<\/title>\n<meta name=\"robots\" content=\"index, follow, max-snippet:-1, max-image-preview:large, max-video-preview:-1\" \/>\n<link rel=\"canonical\" href=\"https:\/\/www.auziatechenergie.com\/index.php\/notre-vision-mission\/\" \/>\n<meta property=\"og:locale\" content=\"fr_FR\" \/>\n<meta property=\"og:type\" content=\"article\" \/>\n<meta property=\"og:title\" content=\"Notre vision &amp; mission\" \/>\n<meta property=\"og:description\" content=\"Notre vision &amp; notre mission Donner aux entreprises locales les moyens de se d\u00e9velopper gr\u00e2ce \u00e0 des solutions digitales simples, fiables et utiles. Nous contacter Notre vision Nous croyons que le digital doit \u00eatre un levier de performance accessible, et non une contrainte complexe ou co\u00fbteuse. La vision d\u2019ATECI est de contribuer \u00e0 la transformation [&hellip;]\" \/>\n<meta property=\"og:url\" content=\"https:\/\/www.auziatechenergie.com\/index.php\/notre-vision-mission\/\" \/>\n<meta property=\"og:site_name\" content=\"Auzia Tech Energie\" \/>\n<meta property=\"article:publisher\" content=\"https:\/\/www.facebook.com\/people\/Auzia-Tech-Energie\/100091346644025\/?locale=fr_FR\" \/>\n<meta property=\"article:modified_time\" content=\"2025-12-16T21:52:58+00:00\" \/>\n<meta property=\"og:image\" content=\"https:\/\/www.auziatechenergie.com\/wp-content\/uploads\/2025\/01\/icon-2.png\" \/>\n\t<meta property=\"og:image:width\" content=\"5\" \/>\n\t<meta property=\"og:image:height\" content=\"14\" \/>\n\t<meta property=\"og:image:type\" content=\"image\/png\" \/>\n<meta name=\"twitter:card\" content=\"summary_large_image\" \/>\n<meta name=\"twitter:label1\" content=\"Dur\u00e9e de lecture estim\u00e9e\" \/>\n\t<meta name=\"twitter:data1\" content=\"1 minute\" \/>\n<script type=\"application\/ld+json\" class=\"yoast-schema-graph\">{\"@context\":\"https:\/\/schema.org\",\"@graph\":[{\"@type\":\"WebPage\",\"@id\":\"https:\/\/www.auziatechenergie.com\/index.php\/notre-vision-mission\/\",\"url\":\"https:\/\/www.auziatechenergie.com\/index.php\/notre-vision-mission\/\",\"name\":\"Notre vision & mission\",\"isPartOf\":{\"@id\":\"https:\/\/www.auziatechenergie.com\/#website\"},\"primaryImageOfPage\":{\"@id\":\"https:\/\/www.auziatechenergie.com\/index.php\/notre-vision-mission\/#primaryimage\"},\"image\":{\"@id\":\"https:\/\/www.auziatechenergie.com\/index.php\/notre-vision-mission\/#primaryimage\"},\"thumbnailUrl\":\"https:\/\/www.auziatechenergie.com\/wp-content\/uploads\/2025\/01\/icon-2.png\",\"datePublished\":\"2025-12-16T21:40:13+00:00\",\"dateModified\":\"2025-12-16T21:52:58+00:00\",\"breadcrumb\":{\"@id\":\"https:\/\/www.auziatechenergie.com\/index.php\/notre-vision-mission\/#breadcrumb\"},\"inLanguage\":\"fr-FR\",\"potentialAction\":[{\"@type\":\"ReadAction\",\"target\":[\"https:\/\/www.auziatechenergie.com\/index.php\/notre-vision-mission\/\"]}]},{\"@type\":\"ImageObject\",\"inLanguage\":\"fr-FR\",\"@id\":\"https:\/\/www.auziatechenergie.com\/index.php\/notre-vision-mission\/#primaryimage\",\"url\":\"https:\/\/www.auziatechenergie.com\/wp-content\/uploads\/2025\/01\/icon-2.png\",\"contentUrl\":\"https:\/\/www.auziatechenergie.com\/wp-content\/uploads\/2025\/01\/icon-2.png\",\"width\":5,\"height\":14},{\"@type\":\"BreadcrumbList\",\"@id\":\"https:\/\/www.auziatechenergie.com\/index.php\/notre-vision-mission\/#breadcrumb\",\"itemListElement\":[{\"@type\":\"ListItem\",\"position\":1,\"name\":\"Accueil\",\"item\":\"https:\/\/www.auziatechenergie.com\/\"},{\"@type\":\"ListItem\",\"position\":2,\"name\":\"Notre vision &#038; mission\"}]},{\"@type\":\"WebSite\",\"@id\":\"https:\/\/www.auziatechenergie.com\/#website\",\"url\":\"https:\/\/www.auziatechenergie.com\/\",\"name\":\"Auzia Tech Energie\",\"description\":\"\",\"publisher\":{\"@id\":\"https:\/\/www.auziatechenergie.com\/#organization\"},\"potentialAction\":[{\"@type\":\"SearchAction\",\"target\":{\"@type\":\"EntryPoint\",\"urlTemplate\":\"https:\/\/www.auziatechenergie.com\/?s={search_term_string}\"},\"query-input\":{\"@type\":\"PropertyValueSpecification\",\"valueRequired\":true,\"valueName\":\"search_term_string\"}}],\"inLanguage\":\"fr-FR\"},{\"@type\":\"Organization\",\"@id\":\"https:\/\/www.auziatechenergie.com\/#organization\",\"name\":\"Auzia Tech Energie\",\"url\":\"https:\/\/www.auziatechenergie.com\/\",\"logo\":{\"@type\":\"ImageObject\",\"inLanguage\":\"fr-FR\",\"@id\":\"https:\/\/www.auziatechenergie.com\/#\/schema\/logo\/image\/\",\"url\":\"https:\/\/www.auziatechenergie.com\/wp-content\/uploads\/2023\/11\/53189_AuziaTechEnergie_logo_BJAC-02.png\",\"contentUrl\":\"https:\/\/www.auziatechenergie.com\/wp-content\/uploads\/2023\/11\/53189_AuziaTechEnergie_logo_BJAC-02.png\",\"width\":2384,\"height\":701,\"caption\":\"Auzia Tech Energie\"},\"image\":{\"@id\":\"https:\/\/www.auziatechenergie.com\/#\/schema\/logo\/image\/\"},\"sameAs\":[\"https:\/\/www.facebook.com\/people\/Auzia-Tech-Energie\/100091346644025\/?locale=fr_FR\"]}]}<\/script>\n<!-- \/ Yoast SEO plugin. -->","yoast_head_json":{"title":"Notre vision & mission","robots":{"index":"index","follow":"follow","max-snippet":"max-snippet:-1","max-image-preview":"max-image-preview:large","max-video-preview":"max-video-preview:-1"},"canonical":"https:\/\/www.auziatechenergie.com\/index.php\/notre-vision-mission\/","og_locale":"fr_FR","og_type":"article","og_title":"Notre vision & mission","og_description":"Notre vision &amp; notre mission Donner aux entreprises locales les moyens de se d\u00e9velopper gr\u00e2ce \u00e0 des solutions digitales simples, fiables et utiles. Nous contacter Notre vision Nous croyons que le digital doit \u00eatre un levier de performance accessible, et non une contrainte complexe ou co\u00fbteuse. La vision d\u2019ATECI est de contribuer \u00e0 la transformation [&hellip;]","og_url":"https:\/\/www.auziatechenergie.com\/index.php\/notre-vision-mission\/","og_site_name":"Auzia Tech Energie","article_publisher":"https:\/\/www.facebook.com\/people\/Auzia-Tech-Energie\/100091346644025\/?locale=fr_FR","article_modified_time":"2025-12-16T21:52:58+00:00","og_image":[{"width":5,"height":14,"url":"https:\/\/www.auziatechenergie.com\/wp-content\/uploads\/2025\/01\/icon-2.png","type":"image\/png"}],"twitter_card":"summary_large_image","twitter_misc":{"Dur\u00e9e de lecture estim\u00e9e":"1 minute"},"schema":{"@context":"https:\/\/schema.org","@graph":[{"@type":"WebPage","@id":"https:\/\/www.auziatechenergie.com\/index.php\/notre-vision-mission\/","url":"https:\/\/www.auziatechenergie.com\/index.php\/notre-vision-mission\/","name":"Notre vision & mission","isPartOf":{"@id":"https:\/\/www.auziatechenergie.com\/#website"},"primaryImageOfPage":{"@id":"https:\/\/www.auziatechenergie.com\/index.php\/notre-vision-mission\/#primaryimage"},"image":{"@id":"https:\/\/www.auziatechenergie.com\/index.php\/notre-vision-mission\/#primaryimage"},"thumbnailUrl":"https:\/\/www.auziatechenergie.com\/wp-content\/uploads\/2025\/01\/icon-2.png","datePublished":"2025-12-16T21:40:13+00:00","dateModified":"2025-12-16T21:52:58+00:00","breadcrumb":{"@id":"https:\/\/www.auziatechenergie.com\/index.php\/notre-vision-mission\/#breadcrumb"},"inLanguage":"fr-FR","potentialAction":[{"@type":"ReadAction","target":["https:\/\/www.auziatechenergie.com\/index.php\/notre-vision-mission\/"]}]},{"@type":"ImageObject","inLanguage":"fr-FR","@id":"https:\/\/www.auziatechenergie.com\/index.php\/notre-vision-mission\/#primaryimage","url":"https:\/\/www.auziatechenergie.com\/wp-content\/uploads\/2025\/01\/icon-2.png","contentUrl":"https:\/\/www.auziatechenergie.com\/wp-content\/uploads\/2025\/01\/icon-2.png","width":5,"height":14},{"@type":"BreadcrumbList","@id":"https:\/\/www.auziatechenergie.com\/index.php\/notre-vision-mission\/#breadcrumb","itemListElement":[{"@type":"ListItem","position":1,"name":"Accueil","item":"https:\/\/www.auziatechenergie.com\/"},{"@type":"ListItem","position":2,"name":"Notre vision &#038; mission"}]},{"@type":"WebSite","@id":"https:\/\/www.auziatechenergie.com\/#website","url":"https:\/\/www.auziatechenergie.com\/","name":"Auzia Tech Energie","description":"","publisher":{"@id":"https:\/\/www.auziatechenergie.com\/#organization"},"potentialAction":[{"@type":"SearchAction","target":{"@type":"EntryPoint","urlTemplate":"https:\/\/www.auziatechenergie.com\/?s={search_term_string}"},"query-input":{"@type":"PropertyValueSpecification","valueRequired":true,"valueName":"search_term_string"}}],"inLanguage":"fr-FR"},{"@type":"Organization","@id":"https:\/\/www.auziatechenergie.com\/#organization","name":"Auzia Tech Energie","url":"https:\/\/www.auziatechenergie.com\/","logo":{"@type":"ImageObject","inLanguage":"fr-FR","@id":"https:\/\/www.auziatechenergie.com\/#\/schema\/logo\/image\/","url":"https:\/\/www.auziatechenergie.com\/wp-content\/uploads\/2023\/11\/53189_AuziaTechEnergie_logo_BJAC-02.png","contentUrl":"https:\/\/www.auziatechenergie.com\/wp-content\/uploads\/2023\/11\/53189_AuziaTechEnergie_logo_BJAC-02.png","width":2384,"height":701,"caption":"Auzia Tech Energie"},"image":{"@id":"https:\/\/www.auziatechenergie.com\/#\/schema\/logo\/image\/"},"sameAs":["https:\/\/www.facebook.com\/people\/Auzia-Tech-Energie\/100091346644025\/?locale=fr_FR"]}]}},"_links":{"self":[{"href":"https:\/\/www.auziatechenergie.com\/index.php\/wp-json\/wp\/v2\/pages\/1186","targetHints":{"allow":["GET"]}}],"collection":[{"href":"https:\/\/www.auziatechenergie.com\/index.php\/wp-json\/wp\/v2\/pages"}],"about":[{"href":"https:\/\/www.auziatechenergie.com\/index.php\/wp-json\/wp\/v2\/types\/page"}],"author":[{"embeddable":true,"href":"https:\/\/www.auziatechenergie.com\/index.php\/wp-json\/wp\/v2\/users\/1"}],"replies":[{"embeddable":true,"href":"https:\/\/www.auziatechenergie.com\/index.php\/wp-json\/wp\/v2\/comments?post=1186"}],"version-history":[{"count":4,"href":"https:\/\/www.auziatechenergie.com\/index.php\/wp-json\/wp\/v2\/pages\/1186\/revisions"}],"predecessor-version":[{"id":1190,"href":"https:\/\/www.auziatechenergie.com\/index.php\/wp-json\/wp\/v2\/pages\/1186\/revisions\/1190"}],"wp:attachment":[{"href":"https:\/\/www.auziatechenergie.com\/index.php\/wp-json\/wp\/v2\/media?parent=1186"}],"curies":[{"name":"wp","href":"https:\/\/api.w.org\/{rel}","templated":true}]}}