{"id":1292,"date":"2025-12-27T02:08:45","date_gmt":"2025-12-27T01:08:45","guid":{"rendered":"https:\/\/www.auziatechenergie.com\/?page_id=1292"},"modified":"2025-12-27T02:25:09","modified_gmt":"2025-12-27T01:25:09","slug":"produits-ateci","status":"publish","type":"page","link":"https:\/\/www.auziatechenergie.com\/index.php\/produits-ateci\/","title":{"rendered":"PRODUITS ATECI"},"content":{"rendered":"\t\t<div data-elementor-type=\"wp-page\" data-elementor-id=\"1292\" class=\"elementor elementor-1292\" data-elementor-post-type=\"page\">\n\t\t\t\t<div class=\"elementor-element elementor-element-aa8fc92 e-con-full e-flex e-con e-parent\" data-id=\"aa8fc92\" data-element_type=\"container\">\n\t\t\t\t<div class=\"elementor-element elementor-element-328b429 elementor-widget elementor-widget-flex-slider\" data-id=\"328b429\" data-element_type=\"widget\" data-widget_type=\"flex-slider.default\">\n\t\t\t\t<div class=\"elementor-widget-container\">\n\t\t\t\t\t\t\t\t<div class=\"flexslider directionnav- \" data-height=\"956\" data-height_tablet=\"600\" data-height_mobile=\"800\" data-animation_images=\"\" data-autoplay=\"true\" data-slideshowSpeed=\"3000\" data-directionnav=\"\" data-controlnav=\"\" data-prevtext=\"\" data-nexttext=\"\">\r\n\t\t\t\t<ul class=\"slides\">\r\n\t\t\t\t\t<li class=\"item-slide\">\r\n\t\t\t\t\t\t\t\t\t<div class=\"bgimg \" style=\"background-image:url(https:\/\/www.auziatechenergie.com\/wp-content\/uploads\/2025\/01\/775f8c64-daad-47c5-a962-159ec6712eb6.png); background-size: cover; background-position: 50%;\"><\/div>\r\n\t\t\t\t\t\t\t\t\t\r\n\t\t\t\t\t\t\t\t\t\r\n\t\t\t\t\t\t\t\t\t<div class=\"flex_caption container\">\r\n\t\t                        \t\t\r\n\t\t                        \t\t<h1 class=\"title captionDelay6 fromTop\">Nos solutions ATECI<\/h1>\r\n\t\t                        \t\t<p class=\"desc captionDelay2 fromTop\">Des outils num\u00e9riques con\u00e7us pour r\u00e9pondre aux besoins concrets des entreprises en C\u00f4te d\u2019Ivoire.<\/p>\r\n\t\t                        \t\t<ul class=\"button-group\"> <li class=\" \">\r\n\t\t\t\t\t\t\t\t\t\t\t<a href=\"\/index.php\/contact\/\" class=\"button-one elementor-repeater-item-64632d1\"> <span class=\"btn-icon-right\"><\/span><\/a>\r\n\t\t\t\t\t\t\t\t\t\t<\/li><\/ul>\r\n\t\t\t\t                    <\/div>\t                    \r\n\t\t\t\t                    \r\n\t\t\t\t\t\t\t\t<\/li>\t\t\t\t<\/ul> \r\n\t\t\t<\/div>\r\n\t\t\t\t\t\t\t<\/div>\n\t\t\t\t<\/div>\n\t\t\t\t<\/div>\n\t\t<div class=\"elementor-element elementor-element-a0054ef animated-slow e-con-full e-flex elementor-invisible e-con e-parent\" data-id=\"a0054ef\" data-element_type=\"container\" data-settings=\"{&quot;animation&quot;:&quot;fadeIn&quot;}\">\n\t\t<div class=\"elementor-element elementor-element-7849e9a e-flex e-con-boxed e-con e-child\" data-id=\"7849e9a\" data-element_type=\"container\">\n\t\t\t\t\t<div class=\"e-con-inner\">\n\t\t<div class=\"elementor-element elementor-element-49b277d e-con-full e-flex e-con e-child\" data-id=\"49b277d\" data-element_type=\"container\">\n\t\t<div class=\"elementor-element elementor-element-a3dd96c e-con-full e-flex e-con e-child\" data-id=\"a3dd96c\" data-element_type=\"container\">\n\t\t<div class=\"elementor-element elementor-element-3f3ac87 e-flex e-con-boxed e-con e-child\" data-id=\"3f3ac87\" data-element_type=\"container\">\n\t\t\t\t\t<div class=\"e-con-inner\">\n\t\t\t\t<div class=\"elementor-element elementor-element-3b61e4c elementor-widget elementor-widget-image\" data-id=\"3b61e4c\" data-element_type=\"widget\" data-widget_type=\"image.default\">\n\t\t\t\t<div class=\"elementor-widget-container\">\n\t\t\t\t\t\t\t\t\t\t\t\t\t\t\t<img decoding=\"async\" width=\"5\" height=\"14\" src=\"https:\/\/www.auziatechenergie.com\/wp-content\/uploads\/2025\/01\/icon-2.png\" class=\"attachment-large size-large wp-image-776\" alt=\"\" \/>\t\t\t\t\t\t\t\t\t\t\t\t\t\t\t<\/div>\n\t\t\t\t<\/div>\n\t\t\t\t<div class=\"elementor-element elementor-element-37d4d33 elementor-widget elementor-widget-heading\" data-id=\"37d4d33\" data-element_type=\"widget\" data-widget_type=\"heading.default\">\n\t\t\t\t<div class=\"elementor-widget-container\">\n\t\t\t\t\t<h2 class=\"elementor-heading-title elementor-size-default\">Des solutions num\u00e9riques con\u00e7ues pour les r\u00e9alit\u00e9s du terrain<\/h2>\t\t\t\t<\/div>\n\t\t\t\t<\/div>\n\t\t\t\t\t<\/div>\n\t\t\t\t<\/div>\n\t\t\t\t<div class=\"elementor-element elementor-element-1cae314 elementor-widget elementor-widget-heading\" data-id=\"1cae314\" data-element_type=\"widget\" data-widget_type=\"heading.default\">\n\t\t\t\t<div class=\"elementor-widget-container\">\n\t\t\t\t\t<h3 class=\"elementor-heading-title elementor-size-default\">Des outils d\u00e9velopp\u00e9s pour r\u00e9pondre \u00e0 des besoins concrets, avec une approche simple, fiable et \u00e9volutive.<\/h3>\t\t\t\t<\/div>\n\t\t\t\t<\/div>\n\t\t\t\t<\/div>\n\t\t\t\t<div class=\"elementor-element elementor-element-93b975e elementor-widget elementor-widget-text-editor\" data-id=\"93b975e\" data-element_type=\"widget\" data-widget_type=\"text-editor.default\">\n\t\t\t\t<div class=\"elementor-widget-container\">\n\t\t\t\t\t\t\t\t\t<p>ATECI d\u00e9veloppe des solutions logicielles adapt\u00e9es aux r\u00e9alit\u00e9s du terrain, pens\u00e9es pour simplifier la gestion, am\u00e9liorer l\u2019exp\u00e9rience utilisateur et accompagner la transformation digitale des entreprises.<\/p>\t\t\t\t\t\t\t\t<\/div>\n\t\t\t\t<\/div>\n\t\t\t\t<\/div>\n\t\t\t\t\t<\/div>\n\t\t\t\t<\/div>\n\t\t\t\t<\/div>\n\t\t<div class=\"elementor-element elementor-element-3d56ccb animated-slow e-flex e-con-boxed elementor-invisible e-con e-parent\" data-id=\"3d56ccb\" data-element_type=\"container\" data-settings=\"{&quot;animation&quot;:&quot;fadeIn&quot;}\">\n\t\t\t\t\t<div class=\"e-con-inner\">\n\t\t\t\t<div class=\"elementor-element elementor-element-cf4cd13 elementor-widget-mobile__width-inherit elementor-widget elementor-widget-tfimagebox\" data-id=\"cf4cd13\" data-element_type=\"widget\" data-widget_type=\"tfimagebox.default\">\n\t\t\t\t<div class=\"elementor-widget-container\">\n\t\t\t\t\t<div class=\"tf-imagebox style-3\"> \r\n                <div class=\"image\"><img fetchpriority=\"high\" decoding=\"async\" width=\"800\" height=\"534\" src=\"https:\/\/www.auziatechenergie.com\/wp-content\/uploads\/2025\/12\/ChatGPT-Image-23-dec.-2025-00_14_21-1024x683.png\" class=\"attachment-large size-large wp-image-1208\" alt=\"\" srcset=\"https:\/\/www.auziatechenergie.com\/wp-content\/uploads\/2025\/12\/ChatGPT-Image-23-dec.-2025-00_14_21-1024x683.png 1024w, https:\/\/www.auziatechenergie.com\/wp-content\/uploads\/2025\/12\/ChatGPT-Image-23-dec.-2025-00_14_21-300x200.png 300w, https:\/\/www.auziatechenergie.com\/wp-content\/uploads\/2025\/12\/ChatGPT-Image-23-dec.-2025-00_14_21-768x512.png 768w, https:\/\/www.auziatechenergie.com\/wp-content\/uploads\/2025\/12\/ChatGPT-Image-23-dec.-2025-00_14_21.png 1536w\" sizes=\"(max-width: 800px) 100vw, 800px\" \/> <div class=\"image-overlay fade-in\"><\/div><\/div>\r\n                <div class=\"content-only \"> \r\n                \t               \t              \r\n\t\t\t\t\t<h4 class=\"title\"><a href=\"\/index.php\/ateci-change\/\">ATECI Change<\/a><\/h4>\r\n\t\t\t\t<\/div>\r\n                <div class=\"content \">\t\r\n                \t                \r\n\t\t\t\t\t<h4 class=\"title\"><a href=\"\/index.php\/ateci-change\/\">ATECI Change<\/a><\/h4>\r\n\t                <div class=\"description\">Solution web de gestion pour bureaux de change.\n\nSuivi des op\u00e9rations\n\nGestion des guichetiers\n\nTra\u00e7abilit\u00e9 et contr\u00f4le<\/div>\r\n\t                <div class=\"tf-button-container \"><a  class=\"tf-button bt_icon_after hover-default\" href=\"\/index.php\/ateci-change\/\" >D\u00e9couvrir ATECI Change <i class=\"icon icon-right-arrow\"><\/i><\/a><\/div>\r\n\t\t\t\t<\/div>\r\n            <\/div>\t\t\t\t<\/div>\n\t\t\t\t<\/div>\n\t\t\t\t<div class=\"elementor-element elementor-element-b5b5e27 elementor-widget-mobile__width-inherit elementor-widget elementor-widget-tfimagebox\" data-id=\"b5b5e27\" data-element_type=\"widget\" data-widget_type=\"tfimagebox.default\">\n\t\t\t\t<div class=\"elementor-widget-container\">\n\t\t\t\t\t<div class=\"tf-imagebox style-3\"> \r\n                <div class=\"image\"><img decoding=\"async\" width=\"800\" height=\"534\" src=\"https:\/\/www.auziatechenergie.com\/wp-content\/uploads\/2025\/12\/ChatGPT-Image-25-dec.-2025-22_41_54-1024x683.png\" class=\"attachment-large size-large wp-image-1242\" alt=\"\" srcset=\"https:\/\/www.auziatechenergie.com\/wp-content\/uploads\/2025\/12\/ChatGPT-Image-25-dec.-2025-22_41_54-1024x683.png 1024w, https:\/\/www.auziatechenergie.com\/wp-content\/uploads\/2025\/12\/ChatGPT-Image-25-dec.-2025-22_41_54-300x200.png 300w, https:\/\/www.auziatechenergie.com\/wp-content\/uploads\/2025\/12\/ChatGPT-Image-25-dec.-2025-22_41_54-768x512.png 768w, https:\/\/www.auziatechenergie.com\/wp-content\/uploads\/2025\/12\/ChatGPT-Image-25-dec.-2025-22_41_54.png 1536w\" sizes=\"(max-width: 800px) 100vw, 800px\" \/> <div class=\"image-overlay fade-in\"><\/div><\/div>\r\n                <div class=\"content-only \"> \r\n                \t               \t              \r\n\t\t\t\t\t<h4 class=\"title\"><a href=\"\/index.php\/ateci-transport\/\">ATECI Transport<\/a><\/h4>\r\n\t\t\t\t<\/div>\r\n                <div class=\"content \">\t\r\n                \t                \r\n\t\t\t\t\t<h4 class=\"title\"><a href=\"\/index.php\/ateci-transport\/\">ATECI Transport<\/a><\/h4>\r\n\t                <div class=\"description\">Solution compl\u00e8te pour compagnies de transport par bus.\n\nGestion interne (web)\n\nR\u00e9servation clients (mobile)\n\nGestion \u00e0 bord (tablette)<\/div>\r\n\t                <div class=\"tf-button-container \"><a  class=\"tf-button bt_icon_after hover-default\" href=\"\/index.php\/ateci-transport\/\" >D\u00e9couvrir ATECI Transport <i class=\"icon icon-right-arrow\"><\/i><\/a><\/div>\r\n\t\t\t\t<\/div>\r\n            <\/div>\t\t\t\t<\/div>\n\t\t\t\t<\/div>\n\t\t\t\t<div class=\"elementor-element elementor-element-84c2dc0 elementor-widget-mobile__width-inherit elementor-widget elementor-widget-tfimagebox\" data-id=\"84c2dc0\" data-element_type=\"widget\" data-widget_type=\"tfimagebox.default\">\n\t\t\t\t<div class=\"elementor-widget-container\">\n\t\t\t\t\t<div class=\"tf-imagebox style-3\"> \r\n                <div class=\"image\"><img loading=\"lazy\" decoding=\"async\" width=\"800\" height=\"534\" src=\"https:\/\/www.auziatechenergie.com\/wp-content\/uploads\/2025\/12\/ChatGPT-Image-26-dec.-2025-23_45_06-1024x683.png\" class=\"attachment-large size-large wp-image-1269\" alt=\"\" srcset=\"https:\/\/www.auziatechenergie.com\/wp-content\/uploads\/2025\/12\/ChatGPT-Image-26-dec.-2025-23_45_06-1024x683.png 1024w, https:\/\/www.auziatechenergie.com\/wp-content\/uploads\/2025\/12\/ChatGPT-Image-26-dec.-2025-23_45_06-300x200.png 300w, https:\/\/www.auziatechenergie.com\/wp-content\/uploads\/2025\/12\/ChatGPT-Image-26-dec.-2025-23_45_06-768x512.png 768w, https:\/\/www.auziatechenergie.com\/wp-content\/uploads\/2025\/12\/ChatGPT-Image-26-dec.-2025-23_45_06.png 1536w\" sizes=\"(max-width: 800px) 100vw, 800px\" \/> <div class=\"image-overlay fade-in\"><\/div><\/div>\r\n                <div class=\"content-only \"> \r\n                \t               \t              \r\n\t\t\t\t\t<h4 class=\"title\"><a href=\"\/index.php\/ateci-support\/\">ATECI Support<\/a><\/h4>\r\n\t\t\t\t<\/div>\r\n                <div class=\"content \">\t\r\n                \t                \r\n\t\t\t\t\t<h4 class=\"title\"><a href=\"\/index.php\/ateci-support\/\">ATECI Support<\/a><\/h4>\r\n\t                <div class=\"description\">Agent IA pour le support utilisateur de niveau 1.\n\nR\u00e9ponses automatiques 24\/7\n\nEscalade vers support humain\n\nCentralisation des demandes<\/div>\r\n\t                <div class=\"tf-button-container \"><a  class=\"tf-button bt_icon_after hover-default\" href=\"\/index.php\/ateci-support\/\" >En savoir plus <i class=\"icon icon-right-arrow\"><\/i><\/a><\/div>\r\n\t\t\t\t<\/div>\r\n            <\/div>\t\t\t\t<\/div>\n\t\t\t\t<\/div>\n\t\t\t\t\t<\/div>\n\t\t\t\t<\/div>\n\t\t<div class=\"elementor-element elementor-element-18928dd e-flex e-con-boxed e-con e-parent\" data-id=\"18928dd\" data-element_type=\"container\" data-settings=\"{&quot;background_background&quot;:&quot;classic&quot;}\">\n\t\t\t\t\t<div class=\"e-con-inner\">\n\t\t\t\t<div class=\"elementor-element elementor-element-8be8ffc elementor-widget elementor-widget-heading\" data-id=\"8be8ffc\" data-element_type=\"widget\" data-widget_type=\"heading.default\">\n\t\t\t\t<div class=\"elementor-widget-container\">\n\t\t\t\t\t<h2 class=\"elementor-heading-title elementor-size-default\">Envie d'aller plus loin ?<\/h2>\t\t\t\t<\/div>\n\t\t\t\t<\/div>\n\t\t\t\t<div class=\"elementor-element elementor-element-6483c1e elementor-widget elementor-widget-heading\" data-id=\"6483c1e\" data-element_type=\"widget\" data-widget_type=\"heading.default\">\n\t\t\t\t<div class=\"elementor-widget-container\">\n\t\t\t\t\t<h3 class=\"elementor-heading-title elementor-size-default\">PARLONS DE VOTRE BESOIN<\/h3>\t\t\t\t<\/div>\n\t\t\t\t<\/div>\n\t\t\t\t<div class=\"elementor-element elementor-element-de3f606 elementor-align-center animated-slow elementor-invisible elementor-widget elementor-widget-button\" data-id=\"de3f606\" data-element_type=\"widget\" data-settings=\"{&quot;_animation&quot;:&quot;fadeInUp&quot;}\" data-widget_type=\"button.default\">\n\t\t\t\t<div class=\"elementor-widget-container\">\n\t\t\t\t\t\t\t\t\t<div class=\"elementor-button-wrapper\">\n\t\t\t\t\t<a class=\"elementor-button elementor-button-link elementor-size-sm\" href=\"\/index.php\/contact\/\">\n\t\t\t\t\t\t<span class=\"elementor-button-content-wrapper\">\n\t\t\t\t\t\t\t\t\t<span class=\"elementor-button-text\">Nous contacter<\/span>\n\t\t\t\t\t<\/span>\n\t\t\t\t\t<\/a>\n\t\t\t\t<\/div>\n\t\t\t\t\t\t\t\t<\/div>\n\t\t\t\t<\/div>\n\t\t\t\t\t<\/div>\n\t\t\t\t<\/div>\n\t\t\t\t<\/div>\n\t\t","protected":false},"excerpt":{"rendered":"<p>Nos solutions ATECI Des outils num\u00e9riques con\u00e7us pour r\u00e9pondre aux besoins concrets des entreprises en C\u00f4te d\u2019Ivoire. Des solutions num\u00e9riques con\u00e7ues pour les r\u00e9alit\u00e9s du terrain Des outils d\u00e9velopp\u00e9s pour r\u00e9pondre \u00e0 des besoins concrets, avec une approche simple, fiable et \u00e9volutive. ATECI d\u00e9veloppe des solutions logicielles adapt\u00e9es aux r\u00e9alit\u00e9s du terrain, pens\u00e9es pour simplifier [&hellip;]<\/p>\n","protected":false},"author":1,"featured_media":0,"parent":0,"menu_order":0,"comment_status":"closed","ping_status":"closed","template":"","meta":{"footnotes":""},"class_list":["post-1292","page","type-page","status-publish","hentry"],"yoast_head":"<!-- This site is optimized with the Yoast SEO plugin v26.6 - https:\/\/yoast.com\/wordpress\/plugins\/seo\/ -->\n<title>PRODUITS ATECI<\/title>\n<meta name=\"robots\" content=\"index, follow, max-snippet:-1, max-image-preview:large, max-video-preview:-1\" \/>\n<link rel=\"canonical\" href=\"https:\/\/www.auziatechenergie.com\/index.php\/produits-ateci\/\" \/>\n<meta property=\"og:locale\" content=\"fr_FR\" \/>\n<meta property=\"og:type\" content=\"article\" \/>\n<meta property=\"og:title\" content=\"PRODUITS ATECI\" \/>\n<meta property=\"og:description\" content=\"Nos solutions ATECI Des outils num\u00e9riques con\u00e7us pour r\u00e9pondre aux besoins concrets des entreprises en C\u00f4te d\u2019Ivoire. Des solutions num\u00e9riques con\u00e7ues pour les r\u00e9alit\u00e9s du terrain Des outils d\u00e9velopp\u00e9s pour r\u00e9pondre \u00e0 des besoins concrets, avec une approche simple, fiable et \u00e9volutive. ATECI d\u00e9veloppe des solutions logicielles adapt\u00e9es aux r\u00e9alit\u00e9s du terrain, pens\u00e9es pour simplifier [&hellip;]\" \/>\n<meta property=\"og:url\" content=\"https:\/\/www.auziatechenergie.com\/index.php\/produits-ateci\/\" \/>\n<meta property=\"og:site_name\" content=\"Auzia Tech Energie\" \/>\n<meta property=\"article:publisher\" content=\"https:\/\/www.facebook.com\/people\/Auzia-Tech-Energie\/100091346644025\/?locale=fr_FR\" \/>\n<meta property=\"article:modified_time\" content=\"2025-12-27T01:25:09+00:00\" \/>\n<meta property=\"og:image\" content=\"https:\/\/www.auziatechenergie.com\/wp-content\/uploads\/2025\/01\/icon-2.png\" \/>\n\t<meta property=\"og:image:width\" content=\"5\" \/>\n\t<meta property=\"og:image:height\" content=\"14\" \/>\n\t<meta property=\"og:image:type\" content=\"image\/png\" \/>\n<meta name=\"twitter:card\" content=\"summary_large_image\" \/>\n<meta name=\"twitter:label1\" content=\"Dur\u00e9e de lecture estim\u00e9e\" \/>\n\t<meta name=\"twitter:data1\" content=\"2 minutes\" \/>\n<script type=\"application\/ld+json\" class=\"yoast-schema-graph\">{\"@context\":\"https:\/\/schema.org\",\"@graph\":[{\"@type\":\"WebPage\",\"@id\":\"https:\/\/www.auziatechenergie.com\/index.php\/produits-ateci\/\",\"url\":\"https:\/\/www.auziatechenergie.com\/index.php\/produits-ateci\/\",\"name\":\"PRODUITS ATECI\",\"isPartOf\":{\"@id\":\"https:\/\/www.auziatechenergie.com\/#website\"},\"primaryImageOfPage\":{\"@id\":\"https:\/\/www.auziatechenergie.com\/index.php\/produits-ateci\/#primaryimage\"},\"image\":{\"@id\":\"https:\/\/www.auziatechenergie.com\/index.php\/produits-ateci\/#primaryimage\"},\"thumbnailUrl\":\"https:\/\/www.auziatechenergie.com\/wp-content\/uploads\/2025\/01\/icon-2.png\",\"datePublished\":\"2025-12-27T01:08:45+00:00\",\"dateModified\":\"2025-12-27T01:25:09+00:00\",\"breadcrumb\":{\"@id\":\"https:\/\/www.auziatechenergie.com\/index.php\/produits-ateci\/#breadcrumb\"},\"inLanguage\":\"fr-FR\",\"potentialAction\":[{\"@type\":\"ReadAction\",\"target\":[\"https:\/\/www.auziatechenergie.com\/index.php\/produits-ateci\/\"]}]},{\"@type\":\"ImageObject\",\"inLanguage\":\"fr-FR\",\"@id\":\"https:\/\/www.auziatechenergie.com\/index.php\/produits-ateci\/#primaryimage\",\"url\":\"https:\/\/www.auziatechenergie.com\/wp-content\/uploads\/2025\/01\/icon-2.png\",\"contentUrl\":\"https:\/\/www.auziatechenergie.com\/wp-content\/uploads\/2025\/01\/icon-2.png\",\"width\":5,\"height\":14},{\"@type\":\"BreadcrumbList\",\"@id\":\"https:\/\/www.auziatechenergie.com\/index.php\/produits-ateci\/#breadcrumb\",\"itemListElement\":[{\"@type\":\"ListItem\",\"position\":1,\"name\":\"Accueil\",\"item\":\"https:\/\/www.auziatechenergie.com\/\"},{\"@type\":\"ListItem\",\"position\":2,\"name\":\"PRODUITS ATECI\"}]},{\"@type\":\"WebSite\",\"@id\":\"https:\/\/www.auziatechenergie.com\/#website\",\"url\":\"https:\/\/www.auziatechenergie.com\/\",\"name\":\"Auzia Tech Energie\",\"description\":\"\",\"publisher\":{\"@id\":\"https:\/\/www.auziatechenergie.com\/#organization\"},\"potentialAction\":[{\"@type\":\"SearchAction\",\"target\":{\"@type\":\"EntryPoint\",\"urlTemplate\":\"https:\/\/www.auziatechenergie.com\/?s={search_term_string}\"},\"query-input\":{\"@type\":\"PropertyValueSpecification\",\"valueRequired\":true,\"valueName\":\"search_term_string\"}}],\"inLanguage\":\"fr-FR\"},{\"@type\":\"Organization\",\"@id\":\"https:\/\/www.auziatechenergie.com\/#organization\",\"name\":\"Auzia Tech Energie\",\"url\":\"https:\/\/www.auziatechenergie.com\/\",\"logo\":{\"@type\":\"ImageObject\",\"inLanguage\":\"fr-FR\",\"@id\":\"https:\/\/www.auziatechenergie.com\/#\/schema\/logo\/image\/\",\"url\":\"https:\/\/www.auziatechenergie.com\/wp-content\/uploads\/2023\/11\/53189_AuziaTechEnergie_logo_BJAC-02.png\",\"contentUrl\":\"https:\/\/www.auziatechenergie.com\/wp-content\/uploads\/2023\/11\/53189_AuziaTechEnergie_logo_BJAC-02.png\",\"width\":2384,\"height\":701,\"caption\":\"Auzia Tech Energie\"},\"image\":{\"@id\":\"https:\/\/www.auziatechenergie.com\/#\/schema\/logo\/image\/\"},\"sameAs\":[\"https:\/\/www.facebook.com\/people\/Auzia-Tech-Energie\/100091346644025\/?locale=fr_FR\"]}]}<\/script>\n<!-- \/ Yoast SEO plugin. -->","yoast_head_json":{"title":"PRODUITS ATECI","robots":{"index":"index","follow":"follow","max-snippet":"max-snippet:-1","max-image-preview":"max-image-preview:large","max-video-preview":"max-video-preview:-1"},"canonical":"https:\/\/www.auziatechenergie.com\/index.php\/produits-ateci\/","og_locale":"fr_FR","og_type":"article","og_title":"PRODUITS ATECI","og_description":"Nos solutions ATECI Des outils num\u00e9riques con\u00e7us pour r\u00e9pondre aux besoins concrets des entreprises en C\u00f4te d\u2019Ivoire. Des solutions num\u00e9riques con\u00e7ues pour les r\u00e9alit\u00e9s du terrain Des outils d\u00e9velopp\u00e9s pour r\u00e9pondre \u00e0 des besoins concrets, avec une approche simple, fiable et \u00e9volutive. ATECI d\u00e9veloppe des solutions logicielles adapt\u00e9es aux r\u00e9alit\u00e9s du terrain, pens\u00e9es pour simplifier [&hellip;]","og_url":"https:\/\/www.auziatechenergie.com\/index.php\/produits-ateci\/","og_site_name":"Auzia Tech Energie","article_publisher":"https:\/\/www.facebook.com\/people\/Auzia-Tech-Energie\/100091346644025\/?locale=fr_FR","article_modified_time":"2025-12-27T01:25:09+00:00","og_image":[{"width":5,"height":14,"url":"https:\/\/www.auziatechenergie.com\/wp-content\/uploads\/2025\/01\/icon-2.png","type":"image\/png"}],"twitter_card":"summary_large_image","twitter_misc":{"Dur\u00e9e de lecture estim\u00e9e":"2 minutes"},"schema":{"@context":"https:\/\/schema.org","@graph":[{"@type":"WebPage","@id":"https:\/\/www.auziatechenergie.com\/index.php\/produits-ateci\/","url":"https:\/\/www.auziatechenergie.com\/index.php\/produits-ateci\/","name":"PRODUITS ATECI","isPartOf":{"@id":"https:\/\/www.auziatechenergie.com\/#website"},"primaryImageOfPage":{"@id":"https:\/\/www.auziatechenergie.com\/index.php\/produits-ateci\/#primaryimage"},"image":{"@id":"https:\/\/www.auziatechenergie.com\/index.php\/produits-ateci\/#primaryimage"},"thumbnailUrl":"https:\/\/www.auziatechenergie.com\/wp-content\/uploads\/2025\/01\/icon-2.png","datePublished":"2025-12-27T01:08:45+00:00","dateModified":"2025-12-27T01:25:09+00:00","breadcrumb":{"@id":"https:\/\/www.auziatechenergie.com\/index.php\/produits-ateci\/#breadcrumb"},"inLanguage":"fr-FR","potentialAction":[{"@type":"ReadAction","target":["https:\/\/www.auziatechenergie.com\/index.php\/produits-ateci\/"]}]},{"@type":"ImageObject","inLanguage":"fr-FR","@id":"https:\/\/www.auziatechenergie.com\/index.php\/produits-ateci\/#primaryimage","url":"https:\/\/www.auziatechenergie.com\/wp-content\/uploads\/2025\/01\/icon-2.png","contentUrl":"https:\/\/www.auziatechenergie.com\/wp-content\/uploads\/2025\/01\/icon-2.png","width":5,"height":14},{"@type":"BreadcrumbList","@id":"https:\/\/www.auziatechenergie.com\/index.php\/produits-ateci\/#breadcrumb","itemListElement":[{"@type":"ListItem","position":1,"name":"Accueil","item":"https:\/\/www.auziatechenergie.com\/"},{"@type":"ListItem","position":2,"name":"PRODUITS ATECI"}]},{"@type":"WebSite","@id":"https:\/\/www.auziatechenergie.com\/#website","url":"https:\/\/www.auziatechenergie.com\/","name":"Auzia Tech Energie","description":"","publisher":{"@id":"https:\/\/www.auziatechenergie.com\/#organization"},"potentialAction":[{"@type":"SearchAction","target":{"@type":"EntryPoint","urlTemplate":"https:\/\/www.auziatechenergie.com\/?s={search_term_string}"},"query-input":{"@type":"PropertyValueSpecification","valueRequired":true,"valueName":"search_term_string"}}],"inLanguage":"fr-FR"},{"@type":"Organization","@id":"https:\/\/www.auziatechenergie.com\/#organization","name":"Auzia Tech Energie","url":"https:\/\/www.auziatechenergie.com\/","logo":{"@type":"ImageObject","inLanguage":"fr-FR","@id":"https:\/\/www.auziatechenergie.com\/#\/schema\/logo\/image\/","url":"https:\/\/www.auziatechenergie.com\/wp-content\/uploads\/2023\/11\/53189_AuziaTechEnergie_logo_BJAC-02.png","contentUrl":"https:\/\/www.auziatechenergie.com\/wp-content\/uploads\/2023\/11\/53189_AuziaTechEnergie_logo_BJAC-02.png","width":2384,"height":701,"caption":"Auzia Tech Energie"},"image":{"@id":"https:\/\/www.auziatechenergie.com\/#\/schema\/logo\/image\/"},"sameAs":["https:\/\/www.facebook.com\/people\/Auzia-Tech-Energie\/100091346644025\/?locale=fr_FR"]}]}},"_links":{"self":[{"href":"https:\/\/www.auziatechenergie.com\/index.php\/wp-json\/wp\/v2\/pages\/1292","targetHints":{"allow":["GET"]}}],"collection":[{"href":"https:\/\/www.auziatechenergie.com\/index.php\/wp-json\/wp\/v2\/pages"}],"about":[{"href":"https:\/\/www.auziatechenergie.com\/index.php\/wp-json\/wp\/v2\/types\/page"}],"author":[{"embeddable":true,"href":"https:\/\/www.auziatechenergie.com\/index.php\/wp-json\/wp\/v2\/users\/1"}],"replies":[{"embeddable":true,"href":"https:\/\/www.auziatechenergie.com\/index.php\/wp-json\/wp\/v2\/comments?post=1292"}],"version-history":[{"count":10,"href":"https:\/\/www.auziatechenergie.com\/index.php\/wp-json\/wp\/v2\/pages\/1292\/revisions"}],"predecessor-version":[{"id":1306,"href":"https:\/\/www.auziatechenergie.com\/index.php\/wp-json\/wp\/v2\/pages\/1292\/revisions\/1306"}],"wp:attachment":[{"href":"https:\/\/www.auziatechenergie.com\/index.php\/wp-json\/wp\/v2\/media?parent=1292"}],"curies":[{"name":"wp","href":"https:\/\/api.w.org\/{rel}","templated":true}]}}